{"id":14,"date":"2023-01-03T22:45:38","date_gmt":"2023-01-03T20:45:38","guid":{"rendered":"https:\/\/metformin.ch\/?page_id=14"},"modified":"2024-01-18T14:57:10","modified_gmt":"2024-01-18T12:57:10","slug":"metformin","status":"publish","type":"page","link":"https:\/\/metformin.ch\/","title":{"rendered":"Metformin"},"content":{"rendered":"\n<p>Metformin ist ein Medikament, das zur Behandlung von Typ-2-Diabetes verwendet wird. Es wird oral eingenommen und hilft dabei, den Blutzucker zu regulieren, indem es die Aufnahme von Glukose in der Leber verringert und die Empfindlichkeit der Zellen f\u00fcr Insulin erh\u00f6ht. Metformin ist auch unter den Markennamen Glucophage, Glucophage XR, Riomet und Fortamet bekannt. Es ist das am h\u00e4ufigsten verschriebene Medikament zur Behandlung von Diabetes und wird h\u00e4ufig in Kombination mit anderen Diabetesmedikamenten oder Insulin eingenommen. Es gibt m\u00f6gliche Nebenwirkungen von Metformin, einschliesslich Durchfall, \u00dcbelkeit und Bauchschmerzen, aber diese sind in der Regel mild und klingen mit der Zeit ab. <\/p>\n\n\n\n<p>Diabetesmedikamente sind Arzneimittel, die zur Behandlung von Diabetes verwendet werden, einer Erkrankung, bei der der K\u00f6rper nicht in der Lage ist, den Blutzucker (Glukose) auf einem gesunden Niveau zu halten. Es gibt verschiedene Arten von Diabetes, aber die h\u00e4ufigsten sind Typ-1-Diabetes und Typ-2-Diabetes.<\/p>\n\n\n\n<p>Es gibt mehrere verschiedene Arten von Diabetesmedikamenten, die zur Behandlung von Diabetes eingesetzt werden, einschliesslich:<\/p>\n\n\n\n<ul class=\"wp-block-list\">\n<li>Insulin: Dies ist ein Hormon, das der K\u00f6rper produziert, um Glukose aus dem Blut in die Zellen zu transportieren, wo sie als Energie verwendet werden kann. Menschen mit Typ-1-Diabetes m\u00fcssen m\u00f6glicherweise Insulin spritzen, weil ihr K\u00f6rper kein Insulin produziert. Menschen mit Typ-2-Diabetes k\u00f6nnen m\u00f6glicherweise auch Insulin spritzen m\u00fcssen, wenn ihr K\u00f6rper nicht genug Insulin produziert oder wenn die Zellen nicht auf das vorhandene Insulin richtig reagieren.<\/li>\n\n\n\n<li>Sulfonylharnstoffe: Diese Medikamente helfen, die Aufnahme von Glukose in der Leber zu verringern und die Empfindlichkeit der Zellen f\u00fcr Insulin zu erh\u00f6hen. Beispiele f\u00fcr Sulfonylharnstoffe sind Glipizid und Glibenclamid.<\/li>\n\n\n\n<li>Meglitinide: Diese Medikamente helfen, die Aussch\u00fcttung von Insulin aus der Bauchspeicheldr\u00fcse zu erh\u00f6hen. Beispiele f\u00fcr Meglitinide sind Repaglinid und Nateglinid.<\/li>\n\n\n\n<li>Thiazolidindione: Diese Medikamente helfen, die Empfindlichkeit der Zellen f\u00fcr Insulin zu erh\u00f6hen. Beispiele f\u00fcr Thiazolidindione sind Pioglitazon und Rosiglitazon.<\/li>\n\n\n\n<li>DPP-4-Hemmer: Diese Medikamente verhindern, dass bestimmte Enzyme die Wirkung von Hormonen im K\u00f6rper verringern, die dazu beitragen, den Blutzucker zu regulieren. Beispiele f\u00fcr DPP-4-Hemmer sind Sitagliptin und Saxaglip<\/li>\n<\/ul>\n","protected":false},"excerpt":{"rendered":"<p>Metformin ist ein Medikament, das zur Behandlung von Typ-2-Diabetes verwendet wird. Es wird oral eingenommen und hilft dabei, den Blutzucker zu regulieren, indem es die Aufnahme von Glukose in der Leber verringert und die Empfindlichkeit der Zellen f\u00fcr Insulin erh\u00f6ht. Metformin ist auch unter den Markennamen Glucophage, Glucophage XR, Riomet und Fortamet bekannt. Es ist &hellip; <\/p>\n<p class=\"link-more\"><a href=\"https:\/\/metformin.ch\/\" class=\"more-link\"><span class=\"screen-reader-text\">&#171;Metformin&#187;<\/span> weiterlesen<\/a><\/p>\n","protected":false},"author":1,"featured_media":0,"parent":0,"menu_order":0,"comment_status":"closed","ping_status":"closed","template":"","meta":{"footnotes":""},"class_list":["post-14","page","type-page","status-publish","hentry","entry"],"yoast_head":"<!-- This site is optimized with the Yoast SEO plugin v27.3 - https:\/\/yoast.com\/product\/yoast-seo-wordpress\/ -->\n<title>Metformin - Metformin<\/title>\n<meta name=\"robots\" content=\"index, follow, max-snippet:-1, max-image-preview:large, max-video-preview:-1\" \/>\n<link rel=\"canonical\" href=\"https:\/\/metformin.ch\/\" \/>\n<meta property=\"og:locale\" content=\"de_DE\" \/>\n<meta property=\"og:type\" content=\"article\" \/>\n<meta property=\"og:title\" content=\"Metformin - Metformin\" \/>\n<meta property=\"og:description\" content=\"Metformin ist ein Medikament, das zur Behandlung von Typ-2-Diabetes verwendet wird. Es wird oral eingenommen und hilft dabei, den Blutzucker zu regulieren, indem es die Aufnahme von Glukose in der Leber verringert und die Empfindlichkeit der Zellen f\u00fcr Insulin erh\u00f6ht. Metformin ist auch unter den Markennamen Glucophage, Glucophage XR, Riomet und Fortamet bekannt. Es ist &hellip; &quot;Metformin&quot; weiterlesen\" \/>\n<meta property=\"og:url\" content=\"https:\/\/metformin.ch\/\" \/>\n<meta property=\"og:site_name\" content=\"Metformin\" \/>\n<meta property=\"article:modified_time\" content=\"2024-01-18T12:57:10+00:00\" \/>\n<meta name=\"twitter:card\" content=\"summary_large_image\" \/>\n<meta name=\"twitter:label1\" content=\"Gesch\u00e4tzte Lesezeit\" \/>\n\t<meta name=\"twitter:data1\" content=\"2\u00a0Minuten\" \/>\n<script type=\"application\/ld+json\" class=\"yoast-schema-graph\">{\"@context\":\"https:\\\/\\\/schema.org\",\"@graph\":[{\"@type\":\"WebPage\",\"@id\":\"https:\\\/\\\/metformin.ch\\\/\",\"url\":\"https:\\\/\\\/metformin.ch\\\/\",\"name\":\"Metformin - Metformin\",\"isPartOf\":{\"@id\":\"https:\\\/\\\/metformin.ch\\\/#website\"},\"datePublished\":\"2023-01-03T20:45:38+00:00\",\"dateModified\":\"2024-01-18T12:57:10+00:00\",\"breadcrumb\":{\"@id\":\"https:\\\/\\\/metformin.ch\\\/#breadcrumb\"},\"inLanguage\":\"de-CH\",\"potentialAction\":[{\"@type\":\"ReadAction\",\"target\":[\"https:\\\/\\\/metformin.ch\\\/\"]}]},{\"@type\":\"BreadcrumbList\",\"@id\":\"https:\\\/\\\/metformin.ch\\\/#breadcrumb\",\"itemListElement\":[{\"@type\":\"ListItem\",\"position\":1,\"name\":\"Startseite\",\"item\":\"https:\\\/\\\/metformin.ch\\\/\"},{\"@type\":\"ListItem\",\"position\":2,\"name\":\"Metformin\"}]},{\"@type\":\"WebSite\",\"@id\":\"https:\\\/\\\/metformin.ch\\\/#website\",\"url\":\"https:\\\/\\\/metformin.ch\\\/\",\"name\":\"Metformin\",\"description\":\"\",\"potentialAction\":[{\"@type\":\"SearchAction\",\"target\":{\"@type\":\"EntryPoint\",\"urlTemplate\":\"https:\\\/\\\/metformin.ch\\\/?s={search_term_string}\"},\"query-input\":{\"@type\":\"PropertyValueSpecification\",\"valueRequired\":true,\"valueName\":\"search_term_string\"}}],\"inLanguage\":\"de-CH\"}]}<\/script>\n<!-- \/ Yoast SEO plugin. -->","yoast_head_json":{"title":"Metformin - Metformin","robots":{"index":"index","follow":"follow","max-snippet":"max-snippet:-1","max-image-preview":"max-image-preview:large","max-video-preview":"max-video-preview:-1"},"canonical":"https:\/\/metformin.ch\/","og_locale":"de_DE","og_type":"article","og_title":"Metformin - Metformin","og_description":"Metformin ist ein Medikament, das zur Behandlung von Typ-2-Diabetes verwendet wird. Es wird oral eingenommen und hilft dabei, den Blutzucker zu regulieren, indem es die Aufnahme von Glukose in der Leber verringert und die Empfindlichkeit der Zellen f\u00fcr Insulin erh\u00f6ht. Metformin ist auch unter den Markennamen Glucophage, Glucophage XR, Riomet und Fortamet bekannt. Es ist &hellip; \"Metformin\" weiterlesen","og_url":"https:\/\/metformin.ch\/","og_site_name":"Metformin","article_modified_time":"2024-01-18T12:57:10+00:00","twitter_card":"summary_large_image","twitter_misc":{"Gesch\u00e4tzte Lesezeit":"2\u00a0Minuten"},"schema":{"@context":"https:\/\/schema.org","@graph":[{"@type":"WebPage","@id":"https:\/\/metformin.ch\/","url":"https:\/\/metformin.ch\/","name":"Metformin - Metformin","isPartOf":{"@id":"https:\/\/metformin.ch\/#website"},"datePublished":"2023-01-03T20:45:38+00:00","dateModified":"2024-01-18T12:57:10+00:00","breadcrumb":{"@id":"https:\/\/metformin.ch\/#breadcrumb"},"inLanguage":"de-CH","potentialAction":[{"@type":"ReadAction","target":["https:\/\/metformin.ch\/"]}]},{"@type":"BreadcrumbList","@id":"https:\/\/metformin.ch\/#breadcrumb","itemListElement":[{"@type":"ListItem","position":1,"name":"Startseite","item":"https:\/\/metformin.ch\/"},{"@type":"ListItem","position":2,"name":"Metformin"}]},{"@type":"WebSite","@id":"https:\/\/metformin.ch\/#website","url":"https:\/\/metformin.ch\/","name":"Metformin","description":"","potentialAction":[{"@type":"SearchAction","target":{"@type":"EntryPoint","urlTemplate":"https:\/\/metformin.ch\/?s={search_term_string}"},"query-input":{"@type":"PropertyValueSpecification","valueRequired":true,"valueName":"search_term_string"}}],"inLanguage":"de-CH"}]}},"_links":{"self":[{"href":"https:\/\/metformin.ch\/index.php?rest_route=\/wp\/v2\/pages\/14","targetHints":{"allow":["GET"]}}],"collection":[{"href":"https:\/\/metformin.ch\/index.php?rest_route=\/wp\/v2\/pages"}],"about":[{"href":"https:\/\/metformin.ch\/index.php?rest_route=\/wp\/v2\/types\/page"}],"author":[{"embeddable":true,"href":"https:\/\/metformin.ch\/index.php?rest_route=\/wp\/v2\/users\/1"}],"replies":[{"embeddable":true,"href":"https:\/\/metformin.ch\/index.php?rest_route=%2Fwp%2Fv2%2Fcomments&post=14"}],"version-history":[{"count":5,"href":"https:\/\/metformin.ch\/index.php?rest_route=\/wp\/v2\/pages\/14\/revisions"}],"predecessor-version":[{"id":26,"href":"https:\/\/metformin.ch\/index.php?rest_route=\/wp\/v2\/pages\/14\/revisions\/26"}],"wp:attachment":[{"href":"https:\/\/metformin.ch\/index.php?rest_route=%2Fwp%2Fv2%2Fmedia&parent=14"}],"curies":[{"name":"wp","href":"https:\/\/api.w.org\/{rel}","templated":true}]}}